{"id":2,"date":"2022-02-25T17:52:58","date_gmt":"2022-02-25T17:52:58","guid":{"rendered":"https:\/\/startmotorszerviz.hu\/?page_id=2"},"modified":"2022-04-04T07:29:05","modified_gmt":"2022-04-04T07:29:05","slug":"sample-page","status":"publish","type":"page","link":"https:\/\/startmotorszerviz.hu\/","title":{"rendered":"Start Motorker\u00e9kp\u00e1r szerviz"},"content":{"rendered":"\n<div class=\"wp-block-media-text alignwide has-media-on-the-right is-stacked-on-mobile\" style=\"grid-template-columns:auto 37%\"><figure class=\"wp-block-media-text__media\"><img loading=\"lazy\" decoding=\"async\" width=\"510\" height=\"512\" src=\"https:\/\/startmotorszerviz.hu\/wp-content\/uploads\/2022\/04\/Start-Motor-szerviz-Budapest.png\" alt=\"\" class=\"wp-image-60 size-full\" srcset=\"https:\/\/startmotorszerviz.hu\/wp-content\/uploads\/2022\/04\/Start-Motor-szerviz-Budapest.png 510w, https:\/\/startmotorszerviz.hu\/wp-content\/uploads\/2022\/04\/Start-Motor-szerviz-Budapest-300x300.png 300w, https:\/\/startmotorszerviz.hu\/wp-content\/uploads\/2022\/04\/Start-Motor-szerviz-Budapest-150x150.png 150w\" sizes=\"auto, (max-width: 510px) 100vw, 510px\" \/><\/figure><div class=\"wp-block-media-text__content\">\n<p>A <strong>Start Motorker\u00e9kp\u00e1r Szerviz<\/strong>ben<strong> <\/strong>v\u00e1llaljuk mindenf\u00e9le gy\u00e1rtm\u00e1ny\u00fa motorker\u00e9kp\u00e1r szervizel\u00e9s\u00e9t, <strong>Harley Davidson<\/strong>, <strong>Indian<\/strong>, <strong>Victory<\/strong>, <strong>Yamaha<\/strong>, <strong>Kawasaki<\/strong>, <strong>Ducatti<\/strong>, <strong>Honda<\/strong>, <strong>BMW, KTM <\/strong>stb. R\u00e9szletek\u00e9rt \u00e9rdekl\u0151dj\u00f6n a lenti el\u00e9rhet\u0151s\u00e9geken. (Robog\u00f3k szervizel\u00e9s\u00e9ben sajnos nem tudunk seg\u00edteni).<\/p>\n\n\n\n<p>A <strong>Start Motorker\u00e9kp\u00e1r Szerviz<\/strong> kapcsolatban \u00e1ll t\u00f6bb alkatr\u00e9sz besz\u00e1ll\u00edt\u00f3val valamit rendelkezik egy <a rel=\"noreferrer noopener\" href=\"https:\/\/dollarboltkft.hu\/motorkerekpar-alkatresz-ertekesites\/\" target=\"_blank\"><strong>webshoppal<\/strong><\/a> ahol a f\u0151leg <strong>Harley Davidson alkatr\u00e9szeket<\/strong> forgalmaz\u00f3 Holland <strong><a href=\"https:\/\/startmotorszerviz.zodiac.nl\/\">Zodiac<\/a><\/strong> c\u00e9g \u00e1ltal k\u00edn\u00e1lt term\u00e9keket \u00e9rt\u00e9kes\u00edtj\u00fck!<\/p>\n\n\n\n<p>A <strong>Start Motorker\u00e9kp\u00e1r Szerviz<\/strong>ben a legt\u00f6bb c\u00e9l szersz\u00e1m rendelkez\u00e9s\u00fcnkre \u00e1ll \u00edgy a legt\u00f6bb munk\u00e1t el tudjuk v\u00e1llalni. Legyen sz\u00f3 <strong><a rel=\"noreferrer noopener\" href=\"https:\/\/dollarboltkft.hu\/motorkerekpar-karbantartas\/\" target=\"_blank\">id\u0151szakos karbantart\u00e1s<\/a><\/strong>i munk\u00e1kr\u00f3l (olajcsere, l\u00e1nc vagy sz\u00edj csere, f\u00e9k pofa \u00e9s f\u00e9k t\u00e1rcsa csere, csap\u00e1gyak cser\u00e9je stb.) vagy b\u00e1rmilyen <strong><a href=\"https:\/\/dollarboltkft.hu\/motorkerekpar-alkatresz-ertekesites\/motorkerekpar-szervizeles\/\">meghib\u00e1sod\u00e1s<\/a><\/strong>r\u00f3l ne adj isten egy baleset ut\u00e1ni <strong>jav\u00edt\u00e1s<\/strong>r\u00f3l. Gumi szerel\u0151 \u00e9s centr\u00edroz\u00f3 g\u00e9p\u00fcnk seg\u00edts\u00e9g\u00e9vel tudjuk v\u00e1llalni <strong><a href=\"https:\/\/dollarboltkft.hu\/motorkerekpar-gumizas\/\">motorker\u00e9kp\u00e1r gumik cser\u00e9j\u00e9t<\/a><\/strong> valamint a <strong>kerekek centr\u00edroz\u00e1s\u00e1t<\/strong> is. <\/p>\n\n\n\n<p>Amennyiben a <strong><a href=\"https:\/\/dollarboltkft.hu\/motorkerekpar-vizsga-ugyintezes\/\">motorja m\u0171szaki vizsg\u00e1ja<\/a><\/strong> k\u00f6zeleg a lej\u00e1rathoz hozza be hozz\u00e1nk, gyors <strong>\u00e1tn\u00e9z\u00e9st<\/strong> k\u00f6vet\u0151en megmondjuk, hogy kell-e valamit jav\u00edtani a motoron ahhoz, hogy sikerrel vegye a vizsg\u00e1t. Ha minden rendben akkor egy meghatalmaz\u00e1ssal el int\u00e9zz\u00fck a m\u0171szaki vizsga proced\u00far\u00e1t \u00d6nnek. Elvissz\u00fck, levizsg\u00e1ztatjuk, visszahozzuk, \u00d6nnek nem kell a <strong>m\u0171szaki vizsga<\/strong> \u00e1llom\u00e1son v\u00e1rakoznia, \u00fcgy int\u00e9znie ezt mind \u00e1tv\u00e1llaljuk.   <\/p>\n\n\n\n<p>A <strong>Start Motorker\u00e9kp\u00e1r szerviz Budapesten<\/strong> tal\u00e1lhat\u00f3. M\u0171hely\u00fcnknek \u00e9s irod\u00e1nknak a tizedik ker\u00fcleti Gy\u00f6mr\u0151i \u00faton elter\u00fcl\u0151 Startcenter Iparipark ad otthont. Irod\u00e1nk az irodah\u00e1z alj\u00e1ban a f\u00f6ldszint 14-es ajt\u00f3 m\u00f6g\u00f6tt tal\u00e1lhat\u00f3, m\u00edg m\u0171hely\u00fcnk egy kicsit feljebb az iparipark ter\u00fclet\u00e9n. Az al\u00e1bbi fel\u00fcleten b\u00e1rmikor \u00edrhat r\u00e9sz\u00fcnkre \u00fczenetet.<\/p>\n<\/div><\/div>\n\n\n\n<h2 class=\"wp-block-heading\">Kapcsolat felv\u00e9tel:<\/h2>\n\n\n<div class=\"wpforms-container wpforms-container-full wpforms-block\" id=\"wpforms-9\"><form id=\"wpforms-form-9\" class=\"wpforms-validate wpforms-form wpforms-ajax-form\" data-formid=\"9\" method=\"post\" enctype=\"multipart\/form-data\" action=\"\/index.php?rest_route=%2Fwp%2Fv2%2Fpages%2F2\" data-token=\"63f4abd5bc235e9b6636991403307f5d\" data-token-time=\"1775909978\"><noscript class=\"wpforms-error-noscript\">Please enable JavaScript in your browser to complete this form.<\/noscript><div class=\"wpforms-field-container\"><div id=\"wpforms-9-field_0-container\" class=\"wpforms-field wpforms-field-name\" data-field-id=\"0\"><label class=\"wpforms-field-label\" for=\"wpforms-9-field_0\">N\u00e9v <span class=\"wpforms-required-label\">*<\/span><\/label><input type=\"text\" id=\"wpforms-9-field_0\" class=\"wpforms-field-medium wpforms-field-required\" name=\"wpforms[fields][0]\" required><\/div><div id=\"wpforms-9-field_1-container\" class=\"wpforms-field wpforms-field-email\" data-field-id=\"1\"><label class=\"wpforms-field-label\" for=\"wpforms-9-field_1\">Email <span class=\"wpforms-required-label\">*<\/span><\/label><input type=\"email\" id=\"wpforms-9-field_1\" class=\"wpforms-field-medium wpforms-field-required\" name=\"wpforms[fields][1]\" spellcheck=\"false\" required><div class=\"wpforms-field-description\">p\u00e9lda@gmail.com<\/div><\/div><div id=\"wpforms-9-field_3-container\" class=\"wpforms-field wpforms-field-text\" data-field-id=\"3\"><label class=\"wpforms-field-label\" for=\"wpforms-9-field_3\">T\u00e1rgy<\/label><input type=\"text\" id=\"wpforms-9-field_3\" class=\"wpforms-field-medium\" name=\"wpforms[fields][3]\" ><div class=\"wpforms-field-description\">Milyen \u00fcgyben keres ben\u00fcnket?<\/div><\/div><div id=\"wpforms-9-field_2-container\" class=\"wpforms-field wpforms-field-textarea\" data-field-id=\"2\"><label class=\"wpforms-field-label\" for=\"wpforms-9-field_2\">\u00dczenet <span class=\"wpforms-required-label\">*<\/span><\/label><textarea id=\"wpforms-9-field_2\" class=\"wpforms-field-medium wpforms-field-required\" name=\"wpforms[fields][2]\" required><\/textarea><\/div><\/div><!-- .wpforms-field-container --><div class=\"wpforms-submit-container\" ><input type=\"hidden\" name=\"wpforms[id]\" value=\"9\"><input type=\"hidden\" name=\"page_title\" value=\"\"><input type=\"hidden\" name=\"page_url\" value=\"https:\/\/startmotorszerviz.hu\/index.php?rest_route=\/wp\/v2\/pages\/2\"><input type=\"hidden\" name=\"url_referer\" value=\"\"><button type=\"submit\" name=\"wpforms[submit]\" id=\"wpforms-submit-9\" class=\"wpforms-submit\" data-alt-text=\"Folyamatban.....\" data-submit-text=\"K\u00fcld\u00e9s\" aria-live=\"assertive\" value=\"wpforms-submit\">K\u00fcld\u00e9s<\/button><img loading=\"lazy\" decoding=\"async\" src=\"https:\/\/startmotorszerviz.hu\/wp-content\/plugins\/wpforms-lite\/assets\/images\/submit-spin.svg\" class=\"wpforms-submit-spinner\" style=\"display: none;\" width=\"26\" height=\"26\" alt=\"Loading\"><\/div><\/form><\/div>  <!-- .wpforms-container -->\n\n\n<ul class=\"wp-block-social-links aligncenter has-huge-icon-size is-content-justification-center is-layout-flex wp-container-core-social-links-is-layout-16018d1d wp-block-social-links-is-layout-flex\"><li class=\"wp-social-link wp-social-link-facebook  wp-block-social-link\"><a href=\"https:\/\/www.facebook.com\/startmotorszerviz\" class=\"wp-block-social-link-anchor\"><svg width=\"24\" height=\"24\" viewBox=\"0 0 24 24\" version=\"1.1\" xmlns=\"http:\/\/www.w3.org\/2000\/svg\" aria-hidden=\"true\" focusable=\"false\"><path d=\"M12 2C6.5 2 2 6.5 2 12c0 5 3.7 9.1 8.4 9.9v-7H7.9V12h2.5V9.8c0-2.5 1.5-3.9 3.8-3.9 1.1 0 2.2.2 2.2.2v2.5h-1.3c-1.2 0-1.6.8-1.6 1.6V12h2.8l-.4 2.9h-2.3v7C18.3 21.1 22 17 22 12c0-5.5-4.5-10-10-10z\"><\/path><\/svg><span class=\"wp-block-social-link-label screen-reader-text\">Facebook<\/span><\/a><\/li>\n\n<li class=\"wp-social-link wp-social-link-instagram  wp-block-social-link\"><a href=\"https:\/\/www.instagram.com\/s_m_szerviz\/\" class=\"wp-block-social-link-anchor\"><svg width=\"24\" height=\"24\" viewBox=\"0 0 24 24\" version=\"1.1\" xmlns=\"http:\/\/www.w3.org\/2000\/svg\" aria-hidden=\"true\" focusable=\"false\"><path d=\"M12,4.622c2.403,0,2.688,0.009,3.637,0.052c0.877,0.04,1.354,0.187,1.671,0.31c0.42,0.163,0.72,0.358,1.035,0.673 c0.315,0.315,0.51,0.615,0.673,1.035c0.123,0.317,0.27,0.794,0.31,1.671c0.043,0.949,0.052,1.234,0.052,3.637 s-0.009,2.688-0.052,3.637c-0.04,0.877-0.187,1.354-0.31,1.671c-0.163,0.42-0.358,0.72-0.673,1.035 c-0.315,0.315-0.615,0.51-1.035,0.673c-0.317,0.123-0.794,0.27-1.671,0.31c-0.949,0.043-1.233,0.052-3.637,0.052 s-2.688-0.009-3.637-0.052c-0.877-0.04-1.354-0.187-1.671-0.31c-0.42-0.163-0.72-0.358-1.035-0.673 c-0.315-0.315-0.51-0.615-0.673-1.035c-0.123-0.317-0.27-0.794-0.31-1.671C4.631,14.688,4.622,14.403,4.622,12 s0.009-2.688,0.052-3.637c0.04-0.877,0.187-1.354,0.31-1.671c0.163-0.42,0.358-0.72,0.673-1.035 c0.315-0.315,0.615-0.51,1.035-0.673c0.317-0.123,0.794-0.27,1.671-0.31C9.312,4.631,9.597,4.622,12,4.622 M12,3 C9.556,3,9.249,3.01,8.289,3.054C7.331,3.098,6.677,3.25,6.105,3.472C5.513,3.702,5.011,4.01,4.511,4.511 c-0.5,0.5-0.808,1.002-1.038,1.594C3.25,6.677,3.098,7.331,3.054,8.289C3.01,9.249,3,9.556,3,12c0,2.444,0.01,2.751,0.054,3.711 c0.044,0.958,0.196,1.612,0.418,2.185c0.23,0.592,0.538,1.094,1.038,1.594c0.5,0.5,1.002,0.808,1.594,1.038 c0.572,0.222,1.227,0.375,2.185,0.418C9.249,20.99,9.556,21,12,21s2.751-0.01,3.711-0.054c0.958-0.044,1.612-0.196,2.185-0.418 c0.592-0.23,1.094-0.538,1.594-1.038c0.5-0.5,0.808-1.002,1.038-1.594c0.222-0.572,0.375-1.227,0.418-2.185 C20.99,14.751,21,14.444,21,12s-0.01-2.751-0.054-3.711c-0.044-0.958-0.196-1.612-0.418-2.185c-0.23-0.592-0.538-1.094-1.038-1.594 c-0.5-0.5-1.002-0.808-1.594-1.038c-0.572-0.222-1.227-0.375-2.185-0.418C14.751,3.01,14.444,3,12,3L12,3z M12,7.378 c-2.552,0-4.622,2.069-4.622,4.622S9.448,16.622,12,16.622s4.622-2.069,4.622-4.622S14.552,7.378,12,7.378z M12,15 c-1.657,0-3-1.343-3-3s1.343-3,3-3s3,1.343,3,3S13.657,15,12,15z M16.804,6.116c-0.596,0-1.08,0.484-1.08,1.08 s0.484,1.08,1.08,1.08c0.596,0,1.08-0.484,1.08-1.08S17.401,6.116,16.804,6.116z\"><\/path><\/svg><span class=\"wp-block-social-link-label screen-reader-text\">Instagram<\/span><\/a><\/li><\/ul>\n\n\n\n<h2 class=\"wp-block-heading\">Telephely:<\/h2>\n\n\n\n<iframe src=\"https:\/\/www.google.com\/maps\/embed?pb=!1m18!1m12!1m3!1d2697.391641214831!2d19.162448515625538!3d47.46279707917543!2m3!1f0!2f0!3f0!3m2!1i1024!2i768!4f13.1!3m3!1m2!1s0x0%3A0x955afcdf61338717!2sDoll%C3%A1rbolt%20Kft.%20(Start%20motor%20szerviz)!5e0!3m2!1shu!2shu!4v1640868456703!5m2!1shu!2shu\" width=\"1400\" height=\"800\" style=\"border:0;\" allowfullscreen=\"\" loading=\"lazy\"><\/iframe>\n","protected":false},"excerpt":{"rendered":"<p>A Start Motorker\u00e9kp\u00e1r Szervizben v\u00e1llaljuk mindenf\u00e9le gy\u00e1rtm\u00e1ny\u00fa motorker\u00e9kp\u00e1r szervizel\u00e9s\u00e9t, Harley Davidson, Indian, Victory, Yamaha, Kawasaki, Ducatti, Honda, BMW, KTM stb. R\u00e9szletek\u00e9rt \u00e9rdekl\u0151dj\u00f6n a lenti el\u00e9rhet\u0151s\u00e9geken. (Robog\u00f3k szervizel\u00e9s\u00e9ben sajnos nem tudunk seg\u00edteni). A Start Motorker\u00e9kp\u00e1r Szerviz kapcsolatban \u00e1ll t\u00f6bb alkatr\u00e9sz besz\u00e1ll\u00edt\u00f3val valamit rendelkezik egy webshoppal ahol a f\u0151leg Harley Davidson alkatr\u00e9szeket forgalmaz\u00f3 Holland Zodiac c\u00e9g \u00e1ltal k\u00edn\u00e1lt term\u00e9keket \u00e9rt\u00e9kes\u00edtj\u00fck! A Start Motorker\u00e9kp\u00e1r Szervizben a legt\u00f6bb c\u00e9l szersz\u00e1m rendelkez\u00e9s\u00fcnkre \u00e1ll \u00edgy a legt\u00f6bb munk\u00e1t el tudjuk v\u00e1llalni. Legyen sz\u00f3 id\u0151szakos karbantart\u00e1si munk\u00e1kr\u00f3l (olajcsere, l\u00e1nc vagy sz\u00edj csere, f\u00e9k pofa \u00e9s f\u00e9k t\u00e1rcsa csere, csap\u00e1gyak cser\u00e9je stb.) vagy b\u00e1rmilyen meghib\u00e1sod\u00e1sr\u00f3l ne adj isten egy baleset ut\u00e1ni jav\u00edt\u00e1sr\u00f3l. Gumi szerel\u0151 \u00e9s centr\u00edroz\u00f3 g\u00e9p\u00fcnk seg\u00edts\u00e9g\u00e9vel tudjuk v\u00e1llalni motorker\u00e9kp\u00e1r gumik cser\u00e9j\u00e9t valamint a kerekek centr\u00edroz\u00e1s\u00e1t is. Amennyiben a motorja m\u0171szaki vizsg\u00e1ja k\u00f6zeleg a lej\u00e1rathoz hozza be hozz\u00e1nk, gyors \u00e1tn\u00e9z\u00e9st k\u00f6vet\u0151en megmondjuk, hogy kell-e valamit jav\u00edtani a motoron ahhoz, hogy sikerrel vegye a vizsg\u00e1t. Ha minden rendben&hellip;<\/p>\n<p> <a class=\"more-link\" href=\"https:\/\/startmotorszerviz.hu\/\">B\u0151vebben<\/a><\/p>\n","protected":false},"author":1,"featured_media":0,"parent":0,"menu_order":0,"comment_status":"closed","ping_status":"open","template":"","meta":{"footnotes":""},"class_list":["post-2","page","type-page","status-publish"],"_links":{"self":[{"href":"https:\/\/startmotorszerviz.hu\/index.php?rest_route=\/wp\/v2\/pages\/2","targetHints":{"allow":["GET"]}}],"collection":[{"href":"https:\/\/startmotorszerviz.hu\/index.php?rest_route=\/wp\/v2\/pages"}],"about":[{"href":"https:\/\/startmotorszerviz.hu\/index.php?rest_route=\/wp\/v2\/types\/page"}],"author":[{"embeddable":true,"href":"https:\/\/startmotorszerviz.hu\/index.php?rest_route=\/wp\/v2\/users\/1"}],"replies":[{"embeddable":true,"href":"https:\/\/startmotorszerviz.hu\/index.php?rest_route=%2Fwp%2Fv2%2Fcomments&post=2"}],"version-history":[{"count":16,"href":"https:\/\/startmotorszerviz.hu\/index.php?rest_route=\/wp\/v2\/pages\/2\/revisions"}],"predecessor-version":[{"id":65,"href":"https:\/\/startmotorszerviz.hu\/index.php?rest_route=\/wp\/v2\/pages\/2\/revisions\/65"}],"wp:attachment":[{"href":"https:\/\/startmotorszerviz.hu\/index.php?rest_route=%2Fwp%2Fv2%2Fmedia&parent=2"}],"curies":[{"name":"wp","href":"https:\/\/api.w.org\/{rel}","templated":true}]}}