{"id":12,"date":"2022-03-16T17:38:51","date_gmt":"2022-03-16T17:38:51","guid":{"rendered":"https:\/\/startmotorszerviz.hu\/?page_id=12"},"modified":"2022-03-16T17:38:51","modified_gmt":"2022-03-16T17:38:51","slug":"altalanos-szerzodesi-feltetelek","status":"publish","type":"page","link":"https:\/\/startmotorszerviz.hu\/?page_id=12","title":{"rendered":"\u00c1ltal\u00e1nos szerz\u0151d\u00e9si felt\u00e9telek"},"content":{"rendered":"\n<p>\u00c1ltal\u00e1nos szerz\u0151d\u00e9si felt\u00e9telek<\/p>\n\n\n\n<p>&nbsp;K\u00e9rj\u00fck, rendel\u00e9s\u00e9nek v\u00e9gleges\u00edt\u00e9se el\u0151tt felt\u00e9tlen\u00fcl olvassa el, mivel megrendel\u00e9se lead\u00e1s\u00e1val egyidej\u0171leg ezen felt\u00e9telek a szerz\u0151d\u00e9s r\u00e9sz\u00e9v\u00e9 v\u00e1lnak. Esetleges k\u00e9rd\u00e9s\u00e9vel forduljon bizalommal az oldal \u00fczemeltet\u0151j\u00e9hez.<\/p>\n\n\n\n<ol class=\"wp-block-list\"><li>\u00c1raj\u00e1nlat<\/li><\/ol>\n\n\n\n<p>Az \u00e1ltalunk adott \u00c1raj\u00e1nlat r\u00e9sz\u00e9t k\u00e9pezi egy k\u00e9s\u0151bbi sz\u00e1ll\u00edt\u00e1si szerz\u0151d\u00e9snek, de nem k\u00f6telez v\u00e1s\u00e1rl\u00e1sra. Az \u00e1raj\u00e1nlat \u00e9rv\u00e9nyess\u00e9gi ideje az \u00c1raj\u00e1nlatban felt\u00fcntetett \u00e9rv\u00e9nyess\u00e9gi id\u0151 (\u00e1ltal\u00e1ban 30 nap). Amennyiben b\u00e1rmilyen bizonylatra lenne sz\u00fcks\u00e9g\u00fck, k\u00e9rj\u00fck megrendel\u00e9s el\u0151tt jelezz\u00e9k mert ezen dokumentumok k\u00f6lts\u00e9g k\u00e9pz\u0151ek lehetnek \u00e9s n\u00e9melyik csak a gy\u00e1rt\u00f3t\u00f3l sz\u00e1ll\u00edt\u00e1s el\u0151tt beszerezhet\u0151.<\/p>\n\n\n\n<ol class=\"wp-block-list\" start=\"2\"><li>Sz\u00e1ll\u00edt\u00e1si szerz\u0151d\u00e9s<br>2.1. Megrendel\u00e9s<\/li><\/ol>\n\n\n\n<p>A megrendel\u00e9s lead\u00e1s\u00e1val a sz\u00e1ll\u00edt\u00e1si szerz\u0151d\u00e9s Felek k\u00f6z\u00f6tt l\u00e9trej\u00f6n, amennyiben az a szerz\u0151d\u00e9sk\u00f6t\u00e9shez sz\u00fcks\u00e9ges l\u00e9nyeges felt\u00e9teleket tartalmazza. A sz\u00e1ll\u00edt\u00e1si szerz\u0151d\u00e9sben (rendel\u00e9s visszaigazol\u00e1sa megrendel\u0151lappal) a Vev\u0151 adatait, az esetleges sz\u00e1ll\u00edt\u00e1si c\u00edmet, az \u00e1ruk megnevez\u00e9s\u00e9t, valamint a nett\u00f3 \u00e9s brutt\u00f3 \u00e1rakat t\u00fcntetj\u00fck fel. Amennyiben a megrendel\u0151lap megk\u00fcld\u00e9s\u00e9t k\u00f6vet\u0151en Vev\u0151 arra 2 munkanapon bel\u00fcl nem tesz \u00e9szrev\u00e9telt, \u00fagy annak adattartalm\u00e1t elfogadottnak tekintj\u00fck, \u00e9s az esetlegesen t\u00e9ves adatokb\u00f3l sz\u00e1rmaz\u00f3 h\u00e1tr\u00e1nyos k\u00f6vetkezm\u00e9nyek Vev\u0151 terh\u00e9n maradnak. Megrendel\u00e9st k\u00f6vet\u0151en csak a teljes v\u00e9tel\u00e1r 40%-\u00e1nak kiegyenl\u00edt\u00e9se ut\u00e1n tudunk el\u00e1llni a teljes\u00edt\u00e9st\u0151l.<\/p>\n\n\n\n<p>2.2. Sz\u00e1ll\u00edt\u00e1si hat\u00e1rid\u0151<\/p>\n\n\n\n<p>A sz\u00e1ll\u00edt\u00e1si hat\u00e1rid\u0151(k)re vonatkoz\u00f3 adatok csak t\u00e1j\u00e9koztat\u00f3 jelleg\u0171ek, azok a besz\u00e1ll\u00edt\u00f3k \u00e9s a gy\u00e1rt\u00f3k visszaigazol\u00e1sain alapszanak, mely\u00e9rt a Doll\u00e1rbolt Kft. felel\u0151ss\u00e9get nem v\u00e1llal. A rendel\u00e9s visszaigazol\u00e1sban megadott hat\u00e1rid\u0151n bel\u00fcl, k\u00fcl\u00f6n meg\u00e1llapod\u00e1s hi\u00e1ny\u00e1ban, a r\u00e9szsz\u00e1ll\u00edt\u00e1sok teljes\u00edt\u00e9s\u00e9nek jog\u00e1t fenntartjuk.<\/p>\n\n\n\n<p>2.3. Teljes\u00edt\u00e9s helye<\/p>\n\n\n\n<p>2.3.1. Teljes\u00edt\u00e9s helye: a Doll\u00e1rbolt Kft. sz\u00e9khelye,1103 Budapest, Gy\u00f6mr\u0151i \u00fat 115.<br>2.3.2. A Vev\u0151 megrendel\u00e9sben felt\u00fcntetett, vagy \u00edr\u00e1sos megb\u00edz\u00e1sa alapj\u00e1n a teljes\u00edt\u00e9si hely a Vev\u0151 \u00e1ltal megadott c\u00edm, mely esetben a sz\u00e1ll\u00edt\u00e1s k\u00f6lts\u00e9ge Vev\u0151t terheli. A helytelen c\u00edmk\u00f6zl\u00e9sb\u0151l vagy k\u00e9sedelmes \u00e1tv\u00e9telb\u0151l ered\u0151 mindenfajta t\u00f6bbletk\u00f6lts\u00e9g a Vev\u0151t terheli. Amennyiben Vev\u0151 sz\u00e1ll\u00edt\u00e1st k\u00e9r c\u00edm megad\u00e1sa n\u00e9lk\u00fcl, \u00fagy a teljes\u00edt\u00e9s helye megegyezik Vev\u0151 sz\u00e1ml\u00e1z\u00e1si c\u00edm\u00e9vel.<\/p>\n\n\n\n<p>2.4. Sz\u00e1ll\u00edt\u00e1s<\/p>\n\n\n\n<p>Vev\u0151 \u00e9rtes\u00edt\u00e9sre az \u00e1rut elsz\u00e1ll\u00edtja, vagy elsz\u00e1ll\u00edttatja. Vev\u0151 saj\u00e1t szervez\u00e9s\u00e9ben t\u00f6rt\u00e9n\u0151 sz\u00e1ll\u00edt\u00e1s eset\u00e9n a sz\u00e1ll\u00edt\u00e1sb\u00f3l ad\u00f3d\u00f3 k\u00e1rvesz\u00e9ly az \u00e1runak a Vev\u0151 \u00e9rdekk\u00f6r\u00e9ben elj\u00e1r\u00f3 fuvaroz\u00f3 sz\u00e1m\u00e1ra t\u00f6rt\u00e9n\u0151 \u00e1tad\u00e1s\u00e1val a Vev\u0151re sz\u00e1ll \u00e1t.<\/p>\n\n\n\n<ol class=\"wp-block-list\" start=\"3\"><li>Fizet\u00e9si m\u00f3dok \u00e9s felt\u00e9telek<\/li><\/ol>\n\n\n\n<p>3.1. \u00c1tutal\u00e1s: a Doll\u00e1rbolt Kft \u00e1ltal beny\u00fajtott sz\u00e1mla alapj\u00e1n, a megrendel\u00e9skor r\u00f6gz\u00edtett hat\u00e1rnapig. Kisz\u00e1ll\u00edt\u00e1s eset\u00e9n, a Vev\u0151 egy\u00e9b rendelkez\u00e9se hi\u00e1ny\u00e1ban a sz\u00e1ml\u00e1t a k\u00fcldem\u00e9nyhez csomagoljuk, \u00edgy a k\u00fcldem\u00e9ny \u00e1tv\u00e9tel\u00e9vel a sz\u00e1mla is k\u00e9zbes\u00edtettnek min\u0151s\u00fcl.<\/p>\n\n\n\n<p>Ezen fizet\u00e9si m\u00f3dot els\u0151 v\u00e1s\u00e1rl\u00e1s alkalm\u00e1val nem tudjuk biztos\u00edtani, \u00faj vev\u0151k r\u00e9sz\u00e9re a lentebb r\u00e9szletezett fizet\u00e9si m\u00f3dok el\u00e9rhet\u0151k.<\/p>\n\n\n\n<p>Halasztott fizet\u00e9si felt\u00e9tel\u0171 sz\u00e1mla kiegyenl\u00edt\u00e9s\u00e9nek hi\u00e1ny\u00e1ban, a m\u00e1sodik felsz\u00f3l\u00edt\u00e1st k\u00f6vet\u0151en fizet\u00e9si meghagy\u00e1sos, vagy felsz\u00e1mol\u00e1si elj\u00e1r\u00e1st kezdem\u00e9nyez\u00fcnk, melynek sor\u00e1n<\/p>\n\n\n\n<p>a) annak minden k\u00f6lts\u00e9g\u00e9t,&nbsp;<br>b) a mindenkori, jogszab\u00e1lyok \u00e1ltal biztos\u00edtott k\u00e9sedelmi kamatot,<br>c) behajt\u00e1si k\u00f6lts\u00e9g\u00e1tal\u00e1nyt<br>\u00e9rv\u00e9nyes\u00edt\u00fcnk ad\u00f3ssal szemben.<\/p>\n\n\n\n<p>3.2. El\u0151re fizet\u00e9s: K\u00e9szp\u00e9nzzel, vagy \u00e1tutal\u00e1ssal d\u00edjbek\u00e9r\u0151, ill. proforma sz\u00e1mla alapj\u00e1n.<\/p>\n\n\n\n<p>3.3. Ut\u00e1nv\u00e9t: Kisz\u00e1ll\u00edt\u00e1ssal rendel\u00e9s eset\u00e9n, a fut\u00e1rnak t\u00f6rt\u00e9n\u0151 fizet\u00e9s 500.000.- Ft \u00f6sszegig, k\u00e9szp\u00e9nzzel vagy bankk\u00e1rty\u00e1val. Bankk\u00e1rty\u00e1s fizet\u00e9s d\u00edja a brutt\u00f3 \u00f6sszeg 1%-a.&nbsp;<\/p>\n\n\n\n<p>3.4. K\u00e9szp\u00e9nzfizet\u00e9s: Az \u00e1ru ellen\u00e9rt\u00e9k\u00e9nek k\u00e9szp\u00e9nzben t\u00f6rt\u00e9n\u0151 kiegyenl\u00edt\u00e9se a Doll\u00e1rbolt Kft. sz\u00e9khely\u00e9n t\u00f6rt\u00e9n\u0151 \u00e1tv\u00e9telkor.<\/p>\n\n\n\n<ol class=\"wp-block-list\" start=\"4\"><li>Sz\u00e1ml\u00e1z\u00e1ssal kapcsolatos tov\u00e1bbi felt\u00e9telek<\/li><\/ol>\n\n\n\n<p>Amennyiben Vev\u0151 a sz\u00e1ml\u00e1t teljes\u00edt\u00e9sigazol\u00e1si bizonylattal k\u00edv\u00e1nja befogadni, \u00fagy ezen ig\u00e9ny\u00e9t el\u0151re k\u00f6teles jelezni, \u00e9s az \u00e1ltala ki\u00e1ll\u00edtott \u00e9s al\u00e1\u00edrt bizonylatot a Doll\u00e1rbolt Kft. r\u00e9sz\u00e9re a teljes\u00edt\u00e9st k\u00f6vet\u0151 2 munkanapon bel\u00fcl megk\u00fcldeni k\u00f6teles. Ennek elmulaszt\u00e1sa nem \u00e9rinti sem a Doll\u00e1rbolt Kft. teljes\u00edt\u00e9s\u00e9nek, sem sz\u00e1ml\u00e1ja ki\u00e1ll\u00edt\u00e1s\u00e1nak d\u00e1tum\u00e1t, \u00edgy a k\u00e9sedelmi kamat sz\u00e1m\u00edt\u00e1s\u00e1nak kezd\u0151napj\u00e1t sem.<\/p>\n\n\n\n<p>A Doll\u00e1rbolt Kft. ki\u00e1ll\u00edtott sz\u00e1ml\u00e1i a saj\u00e1t adatai tekintet\u00e9ben a ki\u00e1ll\u00edt\u00e1sukkor hat\u00e1lyosak \u00e9s \u00e9rv\u00e9nyesek, a lentebb megadottakkal azonosak, ezen adatokr\u00f3l k\u00fcl\u00f6n nyilatkozatot nem \u00e1ll m\u00f3dunkban ki\u00e1ll\u00edtani, erre val\u00f3 k\u00e9relem, vagy hivatkoz\u00e1s szint\u00e9n nem \u00e9rinti sem a Doll\u00e1rbolt Kft. teljes\u00edt\u00e9s\u00e9nek, sem sz\u00e1ml\u00e1ja ki\u00e1ll\u00edt\u00e1s\u00e1nak d\u00e1tum\u00e1t, \u00edgy a k\u00e9sedelmi kamat sz\u00e1m\u00edt\u00e1s\u00e1nak kezd\u0151napj\u00e1t sem.<\/p>\n\n\n\n<ol class=\"wp-block-list\" start=\"5\"><li>Tulajdonjog<\/li><\/ol>\n\n\n\n<p>A Doll\u00e1rbolt Kft. a lesz\u00e1ll\u00edtott \u00e1ru tulajdonjog\u00e1t annak ellen\u00e9rt\u00e9k\u00e9nek teljes kiegyenl\u00edt\u00e9s\u00e9ig fenntartja. Az ellen\u00e9rt\u00e9k teljes kiegyenl\u00edt\u00e9s\u00e9ig Vev\u0151 a lesz\u00e1ll\u00edtott \u00e1rut nem idegen\u00edtheti el, nem terhelheti meg, \u00e9s az \u00e1tvett \u00e1ru minden nem\u0171 k\u00e1rosod\u00e1s\u00e1\u00e9rt Vev\u0151t teljes felel\u0151ss\u00e9g terheli.<\/p>\n\n\n\n<ol class=\"wp-block-list\" start=\"6\"><li>J\u00f3t\u00e1ll\u00e1s<\/li><\/ol>\n\n\n\n<p>A j\u00f3t\u00e1ll\u00e1si id\u0151 gy\u00e1rt\u00f3nk\u00e9nt \u00e9s term\u00e9kenk\u00e9nt v\u00e1ltozik, amennyiben az nincs felt\u00fcntetve, jellemz\u0151en 1 \u00e9v. Mennyis\u00e9gi \u00e9s min\u0151s\u00e9gi kifog\u00e1sok eset\u00e9re a mindenkori, vonatkoz\u00f3 jogszab\u00e1lyi el\u0151\u00edr\u00e1sok az ir\u00e1nyad\u00f3k.<\/p>\n\n\n\n<ol class=\"wp-block-list\" start=\"7\"><li>Vit\u00e1s k\u00e9rd\u00e9sek rendez\u00e9se<\/li><\/ol>\n\n\n\n<p>A szerz\u0151d\u00e9ses jogviszonyb\u00f3l ad\u00f3d\u00f3 vit\u00e1s k\u00e9rd\u00e9sek jogi rendez\u00e9se tekintet\u00e9ben szerz\u0151d\u0151 Felek kik\u00f6tik a Budak\u00f6rny\u00e9ki J\u00e1r\u00e1sb\u00edr\u00f3s\u00e1g illet\u00e9kess\u00e9g\u00e9t. Amennyiben Vev\u0151 a sz\u00e1ll\u00edt\u00e1si szerz\u0151d\u00e9ssel kapcsolatban 2 munkanapon bel\u00fcl \u00edr\u00e1sban kifog\u00e1ssal nem \u00e9l, a sz\u00e1ll\u00edt\u00e1si szerz\u0151d\u00e9st elfogadottnak tekintj\u00fck. Jelen \u00c1ltal\u00e1nos \u00dczleti Felt\u00e9telek egyes pontjainak a sz\u00e1ll\u00edt\u00e1si szerz\u0151d\u00e9sben t\u00f6rt\u00e9n\u0151 m\u00f3dos\u00edt\u00e1sa nem jelenti automatikusan az \u00f6sszes t\u00f6bbi pont m\u00f3dos\u00edt\u00e1s\u00e1t vagy azok \u00e9rv\u00e9nyess\u00e9g\u00e9nek megsz\u0171n\u00e9s\u00e9t.<\/p>\n\n\n\n<ol class=\"wp-block-list\" start=\"8\"><li>\u00c1fa mentes v\u00e1s\u00e1rl\u00e1s EU \u00fcgyfeleinknek<\/li><\/ol>\n\n\n\n<p>C\u00e9g\u00fcnk rendelkezik k\u00f6z\u00f6ss\u00e9gi ad\u00f3sz\u00e1mmal, \u00edgy az Eur\u00f3pai Uni\u00f3 tag\u00e1llamain bel\u00fcli v\u00e1s\u00e1rl\u00f3inknak \u2013 ak\u00e1r a hat\u00e1ron t\u00fali magyar c\u00e9geknek \u2013 lehet\u0151s\u00e9ge ny\u00edlik arra, hogy v\u00e1s\u00e1rl\u00e1skor nett\u00f3 \u00e1ron jussanak hozz\u00e1 a term\u00e9khez, \u00e9s az orsz\u00e1guk ad\u00f3 szab\u00e1lyai szerint helyben ad\u00f3zzanak.<\/p>\n\n\n\n<p>Az \u00c1FA mentes v\u00e1s\u00e1rl\u00e1s abban az esetben lehets\u00e9ges, ha a v\u00e1s\u00e1rl\u00f3 rendelkezik k\u00f6z\u00f6ss\u00e9gi ad\u00f3sz\u00e1mmal, \u00e9s a term\u00e9ket k\u00fclf\u00f6ld\u00f6n haszn\u00e1lja, azt k\u00fclf\u00f6ldre ir\u00e1nyul\u00f3 sz\u00e1ll\u00edt\u00f3lev\u00e9llel veszi \u00e1t.<\/p>\n\n\n\n<p>Amennyiben EU-s c\u00e9g, p\u00e9ld\u00e1ul Szlov\u00e1ki\u00e1ban, Rom\u00e1ni\u00e1ban, Ausztri\u00e1ban letelep\u00fclt v\u00e1llalkoz\u00e1s v\u00e1s\u00e1rol, \u00fagy c\u00e9g\u00fcnk EU-s sz\u00e1ml\u00e1t \u00e1ll\u00edt ki, amelynek 0%-os az \u00e1fa kulcsa, \u00e9s ezt k\u00f6vet\u0151en az adott tag\u00e1llam ad\u00f3szab\u00e1lyai szerint van m\u00f3d ad\u00f3t fizetni.<\/p>\n\n\n\n<ol class=\"wp-block-list\" start=\"9\"><li>Alapfelt\u00e9telek:<\/li><\/ol>\n\n\n\n<p>\u2013 A c\u00e9g b\u00e9lyegz\u0151je els\u0151 v\u00e1s\u00e1rl\u00e1skor mindenk\u00e9ppen sz\u00fcks\u00e9ges.<br>\u2013 A c\u00e9g alkalmazottja, vagy al\u00e1\u00edr\u00e1si joggal rendelkez\u0151 munkat\u00e1rsa sz\u00e1ll\u00edt\u00f3levelet \u00edr al\u00e1,<br>amellyel igazolja, hogy a term\u00e9k k\u00fclf\u00f6ldre ker\u00fcl lesz\u00e1ll\u00edt\u00e1sra.<br>\u2013 A c\u00e9gnek rendelkeznie kell k\u00f6z\u00f6ss\u00e9gi ad\u00f3sz\u00e1mmal, amelynek form\u00e1tuma p\u00e9ld\u00e1ul SK-XXXXXXXX, azaz egy orsz\u00e1gk\u00f3d, \u00e9s a helyi ad\u00f3sz\u00e1m els\u0151 nyolc karaktere.<\/p>\n\n\n\n<p>A k\u00f6z\u00f6ss\u00e9gi ad\u00f3sz\u00e1mmal v\u00e1s\u00e1rl\u00f3 \u00fcgyfeleket term\u00e9szetesen ugyanazok a jogok \u00e9s szolg\u00e1ltat\u00e1sok illetik meg, mint a brutt\u00f3 \u00e1rat kifizet\u0151 \u00fcgyfeleket. A magyarorsz\u00e1gi v\u00e1s\u00e1rl\u00e1s eset\u00e9n a hazai garanci\u00e1s jogszab\u00e1lyok \u00e9rv\u00e9nyesek a v\u00e1s\u00e1rl\u00f3 \u00e1llampolg\u00e1rs\u00e1g\u00e1t\u00f3l f\u00fcggetlen\u00fcl.<\/p>\n\n\n\n<p>A v\u00e1s\u00e1rl\u00e1ssal a vev\u0151 elfogadja, hogy a magyar j\u00f3t\u00e1ll\u00e1si \u00e9s szavatoss\u00e1gi t\u00f6rv\u00e9nyekben foglalt jogok illetik meg.<\/p>\n\n\n\n<ol class=\"wp-block-list\" start=\"10\"><li>Szerz\u0151i jog<\/li><\/ol>\n\n\n\n<p>Tilos a Doll\u00e1rbolt Kft. enged\u00e9lye n\u00e9lk\u00fcl a nevet, k\u00e9pet, log\u00f3t felhaszn\u00e1lni, minden olyan term\u00e9khez, vagy szolg\u00e1ltat\u00e1shoz, amely nem tartozik a k\u00f6r\u00e9be, amely alkalmas az \u00fcgyfelek megt\u00e9veszt\u00e9s\u00e9re, a Doll\u00e1rbolt Kft. vagy a weboldalunk lej\u00e1rat\u00e1s\u00e1ra. Az oldalain tal\u00e1lhat\u00f3 egyes sz\u00f6veges inform\u00e1ci\u00f3k, k\u00e9pek, embl\u00e9m\u00e1k, tipogr\u00e1fiai \u00e9s design elemek a szerz\u0151i jog hat\u00e1lya al\u00e1 esnek, tilos azokat a Doll\u00e1rbolt Kft. \u00edr\u00e1sos enged\u00e9lye n\u00e9lk\u00fcl sokszoros\u00edtani, terjeszteni vagy felhaszn\u00e1lni.<\/p>\n\n\n\n<p>Amennyiben b\u00e1rmilyen k\u00e9rd\u00e9se van, k\u00e9rem \u00edrjon nek\u00fcnk!<\/p>\n\n\n\n<ol class=\"wp-block-list\" start=\"11\"><li>Kapcsolat:<\/li><\/ol>\n\n\n\n<p>Telephely,\u00c9rt\u00e9kest\u00edt\u00e9s:<br>1103 Budpest Gy\u00f6mr\u0151i \u00fat 115.<br>Telefon:+36-1-264-9144<br>E-mail:dollarbolt@dollarboltkft.hu<\/p>\n\n\n\n<p>Doll\u00e1rbolt Kft.<br>G\u00e9pj\u00e1rm\u0171 kereskedelem, G\u00e9pj\u00e1rm\u0171 import, motorker\u00e9kp\u00e1r szerviz<\/p>\n\n\n\n<p>Ad\u00f3sz\u00e1m: 27304383-2-42<br>C\u00e9gjegyz\u00e9ksz\u00e1m<br>01-09-353001<br>Banksz\u00e1mlasz\u00e1mok:<br><\/p>\n\n\n\n<p>T\u00e1rhely szolg\u00e1ltat\u00f3: Netdoor Kft.<br>Telefon: +36 70 941 00 77<br>Sz\u00e9khely: 1054 Akad\u00e9mia u. 14.<br>Weblap: serverkraft.hu<br>Posta: 1054 Akad\u00e9mia u. 14.<br>E-mail:&nbsp;info@serverkraft.hu<\/p>\n\n\n\n<p>\u00c9rv\u00e9nyes 2022.01.01-t\u00f3l<br>Budapest<br>Doll\u00e1rbolt Kft.<\/p>\n","protected":false},"excerpt":{"rendered":"<p>\u00c1ltal\u00e1nos szerz\u0151d\u00e9si felt\u00e9telek &nbsp;K\u00e9rj\u00fck, rendel\u00e9s\u00e9nek v\u00e9gleges\u00edt\u00e9se el\u0151tt felt\u00e9tlen\u00fcl olvassa el, mivel megrendel\u00e9se lead\u00e1s\u00e1val egyidej\u0171leg ezen felt\u00e9telek a szerz\u0151d\u00e9s r\u00e9sz\u00e9v\u00e9 v\u00e1lnak. Esetleges k\u00e9rd\u00e9s\u00e9vel forduljon bizalommal az oldal \u00fczemeltet\u0151j\u00e9hez. \u00c1raj\u00e1nlat Az \u00e1ltalunk adott \u00c1raj\u00e1nlat r\u00e9sz\u00e9t k\u00e9pezi egy k\u00e9s\u0151bbi sz\u00e1ll\u00edt\u00e1si szerz\u0151d\u00e9snek, de nem k\u00f6telez v\u00e1s\u00e1rl\u00e1sra. Az \u00e1raj\u00e1nlat \u00e9rv\u00e9nyess\u00e9gi ideje az \u00c1raj\u00e1nlatban felt\u00fcntetett \u00e9rv\u00e9nyess\u00e9gi id\u0151 (\u00e1ltal\u00e1ban 30 nap). Amennyiben b\u00e1rmilyen bizonylatra lenne sz\u00fcks\u00e9g\u00fck, k\u00e9rj\u00fck megrendel\u00e9s el\u0151tt jelezz\u00e9k mert ezen dokumentumok k\u00f6lts\u00e9g k\u00e9pz\u0151ek lehetnek \u00e9s n\u00e9melyik csak a gy\u00e1rt\u00f3t\u00f3l sz\u00e1ll\u00edt\u00e1s el\u0151tt beszerezhet\u0151. Sz\u00e1ll\u00edt\u00e1si szerz\u0151d\u00e9s2.1. Megrendel\u00e9s A megrendel\u00e9s lead\u00e1s\u00e1val a sz\u00e1ll\u00edt\u00e1si szerz\u0151d\u00e9s Felek k\u00f6z\u00f6tt l\u00e9trej\u00f6n, amennyiben az a szerz\u0151d\u00e9sk\u00f6t\u00e9shez sz\u00fcks\u00e9ges l\u00e9nyeges felt\u00e9teleket tartalmazza. A sz\u00e1ll\u00edt\u00e1si szerz\u0151d\u00e9sben (rendel\u00e9s visszaigazol\u00e1sa megrendel\u0151lappal) a Vev\u0151 adatait, az esetleges sz\u00e1ll\u00edt\u00e1si c\u00edmet, az \u00e1ruk megnevez\u00e9s\u00e9t, valamint a nett\u00f3 \u00e9s brutt\u00f3 \u00e1rakat t\u00fcntetj\u00fck fel. Amennyiben a megrendel\u0151lap megk\u00fcld\u00e9s\u00e9t k\u00f6vet\u0151en Vev\u0151 arra 2 munkanapon bel\u00fcl nem tesz \u00e9szrev\u00e9telt, \u00fagy annak adattartalm\u00e1t elfogadottnak tekintj\u00fck, \u00e9s az esetlegesen t\u00e9ves adatokb\u00f3l sz\u00e1rmaz\u00f3 h\u00e1tr\u00e1nyos k\u00f6vetkezm\u00e9nyek Vev\u0151 terh\u00e9n maradnak.&hellip;<\/p>\n<p> <a class=\"more-link\" href=\"https:\/\/startmotorszerviz.hu\/?page_id=12\">B\u0151vebben<\/a><\/p>\n","protected":false},"author":1,"featured_media":0,"parent":0,"menu_order":0,"comment_status":"closed","ping_status":"closed","template":"","meta":{"footnotes":""},"class_list":["post-12","page","type-page","status-publish"],"_links":{"self":[{"href":"https:\/\/startmotorszerviz.hu\/index.php?rest_route=\/wp\/v2\/pages\/12","targetHints":{"allow":["GET"]}}],"collection":[{"href":"https:\/\/startmotorszerviz.hu\/index.php?rest_route=\/wp\/v2\/pages"}],"about":[{"href":"https:\/\/startmotorszerviz.hu\/index.php?rest_route=\/wp\/v2\/types\/page"}],"author":[{"embeddable":true,"href":"https:\/\/startmotorszerviz.hu\/index.php?rest_route=\/wp\/v2\/users\/1"}],"replies":[{"embeddable":true,"href":"https:\/\/startmotorszerviz.hu\/index.php?rest_route=%2Fwp%2Fv2%2Fcomments&post=12"}],"version-history":[{"count":1,"href":"https:\/\/startmotorszerviz.hu\/index.php?rest_route=\/wp\/v2\/pages\/12\/revisions"}],"predecessor-version":[{"id":13,"href":"https:\/\/startmotorszerviz.hu\/index.php?rest_route=\/wp\/v2\/pages\/12\/revisions\/13"}],"wp:attachment":[{"href":"https:\/\/startmotorszerviz.hu\/index.php?rest_route=%2Fwp%2Fv2%2Fmedia&parent=12"}],"curies":[{"name":"wp","href":"https:\/\/api.w.org\/{rel}","templated":true}]}}